{"id":337,"date":"2020-11-04T15:18:16","date_gmt":"2020-11-04T14:18:16","guid":{"rendered":"https:\/\/www.twenty-campus.com\/?page_id=337"},"modified":"2025-10-03T16:21:19","modified_gmt":"2025-10-03T14:21:19","slug":"devenir-partenaire","status":"publish","type":"page","link":"https:\/\/twenty-campus.itroom.fr\/fr\/devenir-partenaire\/","title":{"rendered":"Devenir Partenaire TC"},"content":{"rendered":"<h4><\/h4>\n<h4><\/h4>\n<h4 style=\"text-align: center;\"><em>Vous \u00eates une \u00e9cole, une association, une structure institutionnelle, une entreprise, <\/em><\/h4>\n<h4 style=\"text-align: center;\"><em>une start-up ? <\/em><em>En France ou \u00e0 l&#8217;\u00e9tranger ?\u00a0<\/em><\/h4>\n<p style=\"text-align: center;\">Ces informations sont faites pour vous ! ?<\/p>\n<p>&nbsp;<\/p>\n<h5><em><strong>Pourquoi devenir Partenaire de Twenty Campus ?\u00a0<\/strong><\/em><\/h5>\n<p>Twenty Campus est investi en direction de la jeunesse via la promotion de liens solides avec le monde \u00e9ducatif, et dans un habitat accessible \u00e0 tous, agr\u00e9ment\u00e9 de services. Chez Twenty Campus on dit que nos r\u00e9sidences sont innovantes mais surtout que ce sont &#8220;Des r\u00e9sidences pens\u00e9es par les \u00e9tudiants, et approuv\u00e9es par les parents&#8221;.<br \/>\nPlus qu\u2019un logement, Twenty Campus propose un cadre de vie, un environnement qui incite aux \u00e9tudes, et qui s\u2019inscrit dans l\u2019esprit de la vie \u00e9tudiante, permettant de r\u00e9pondre aux besoins de nos partenaires.<\/p>\n<h5><em><strong>Comment Twenty Campus peut m&#8217;aider \u00e0 loger mon public ?\u00a0<\/strong><\/em><\/h5>\n<p>Choisir Twenty Campus c&#8217;est choisir la souplesse, la r\u00e9activit\u00e9, et la facult\u00e9 d\u2019adaptation \u00e0 toutes vos exigences, nos partenaires seront satisfaits du respect des engagements pris, des accords commerciaux d\u00e9di\u00e9s &amp; privil\u00e9gi\u00e9s avec pour socle des valeurs communes : l&#8217;ouverture, la performance, la simplicit\u00e9, et l&#8217;innovation.<\/p>\n<p><strong>SIMPLICIT\u00c9 <\/strong>: D\u00e9marche simplifi\u00e9e et adapt\u00e9e pour les internationaux.<\/p>\n<p><strong>OFFRE PERSONNALIS\u00c9E <\/strong>: Une offre personnalis\u00e9e.<\/p>\n<p><strong>SERVICES<\/strong> : Des r\u00e9sidences uniques avec services inclus et un big brother \u00e0 l\u2019\u00e9coute de ses \u00e9tudiants.<\/p>\n<p><strong>INTERLOCUTEUR<\/strong> : Un interlocuteur d\u00e9di\u00e9 qui donne la priorit\u00e9 aux \u00e9tudiants, stagiaires, chercheurs, doctorants, jeunes actifs et salari\u00e9s pour r\u00e9pondre \u00e0 leur probl\u00e9matique de logement.<\/p>\n<p>&nbsp;<\/p>\n<p>Notre \u00e9quipe en charge du D\u00e9veloppement des partenariats \u00e9coles, vous proposera la solution la plus adapt\u00e9e \u00e0 votre structure et \u00e0 votre besoin.<\/p>\n<p><img decoding=\"async\" class=\"alignnone wp-image-3091\" src=\"https:\/\/www.twenty-campus.com\/wp-content\/uploads\/2021\/04\/CATHERINE-CORRAUX.jpg\" alt=\"\" width=\"183\" height=\"184\" srcset=\"https:\/\/twenty-campus.itroom.fr\/wp-content\/uploads\/2021\/04\/CATHERINE-CORRAUX.jpg 267w, https:\/\/twenty-campus.itroom.fr\/wp-content\/uploads\/2021\/04\/CATHERINE-CORRAUX-150x150.jpg 150w\" sizes=\"(max-width: 183px) 100vw, 183px\" \/>\u00a0 \u00a0 \u00a0 \u00a0 \u00a0 \u00a0 \u00a0 \u00a0 \u00a0 \u00a0 \u00a0 \u00a0 \u00a0 \u00a0 <img decoding=\"async\" class=\"alignnone wp-image-3642910\" src=\"https:\/\/www.twenty-campus.com\/wp-content\/uploads\/2025\/10\/Valentin-DESRUELLES-294x293px-300x300.png\" alt=\"\" width=\"170\" height=\"169\" srcset=\"https:\/\/twenty-campus.itroom.fr\/wp-content\/uploads\/2025\/10\/Valentin-DESRUELLES-294x293px-300x300.png 300w, https:\/\/twenty-campus.itroom.fr\/wp-content\/uploads\/2025\/10\/Valentin-DESRUELLES-294x293px-1024x1021.png 1024w, https:\/\/twenty-campus.itroom.fr\/wp-content\/uploads\/2025\/10\/Valentin-DESRUELLES-294x293px-150x150.png 150w, https:\/\/twenty-campus.itroom.fr\/wp-content\/uploads\/2025\/10\/Valentin-DESRUELLES-294x293px-768x765.png 768w, https:\/\/twenty-campus.itroom.fr\/wp-content\/uploads\/2025\/10\/Valentin-DESRUELLES-294x293px.png 1225w\" sizes=\"(max-width: 170px) 100vw, 170px\" \/><\/p>\n<p><a href=\"https:\/\/www.linkedin.com\/in\/catherine-corraux-twentycampus\/\">Catherine CORRAUX<\/a>\u00a0 \u00a0 \u00a0 \u00a0 \u00a0 \u00a0 \u00a0 \u00a0 \u00a0 \u00a0 \u00a0 \u00a0 \u00a0 \u00a0 <a href=\"https:\/\/m365.eu.vadesecure.com\/safeproxy\/v4?f=nyPjJ8VO9foOvhnIerJGhlMSWx43R6Ez5JlBdns3nxX-1x81MktDDQoJ2tdTu47C&amp;i=0HFKfDsyf-NbDivQSsMV-DTz5gb0dhYp3_7fdheoR38MGqBtHP4fjkl2gcrCzep4P_oagsod_vPs6wm_Vy-xLQ&amp;k=YVbI&amp;r=95GPAHAFQHv2O9gJAGGQdKCDuCX7ZNXYN9nih00V89UkYlf3VjkwdBDUkGo7vlDt&amp;s=2174f8a42bf2880d944ac3485b065bfe90992c08da8d501039234870398d1f1e&amp;u=https%3A%2F%2Fwww.linkedin.com%2Fin%2Fvalentin-desruelles%2F\" target=\"_blank\" rel=\"noopener\">Valentin DESRUELLES<\/a><\/p>\n<p>Contactez-les par email sur : <a href=\"mailto:twentycampus-partenariats@sergic.com\"><strong>twentycampus-partenariats@sergic.com<\/strong><\/a> ou sur Linkedin (en cliquant sur leurs noms ci-dessus !).<\/p>\n<p>&nbsp;<\/p>\n<h5><em><strong>Vous n&#8217;\u00eates pas \u00e0 la recherche d&#8217;un partenariat logement, et souhaitez proposer un partenariat \u00e0 Twenty Campus ?\u00a0\u00a0<\/strong><\/em><\/h5>\n<p>Contactez le service innovation : mgloriant@sergic.com<\/p>\n","protected":false},"excerpt":{"rendered":"<p>Vous \u00eates une \u00e9cole, une association, une structure institutionnelle, une entreprise, une start-up ? En France ou \u00e0 l&#8217;\u00e9tranger ?\u00a0 Ces informations sont faites pour vous ! ? &nbsp; Pourquoi devenir Partenaire de Twenty Campus ?\u00a0 Twenty Campus est investi en direction de la jeunesse via la promotion de liens solides avec le monde \u00e9ducatif, [&hellip;]<\/p>\n","protected":false},"author":18,"featured_media":0,"parent":0,"menu_order":0,"comment_status":"closed","ping_status":"closed","template":"","meta":{"_acf_changed":false,"footnotes":""},"class_list":["post-337","page","type-page","status-publish","hentry"],"acf":[],"yoast_head":"<!-- This site is optimized with the Yoast SEO plugin v26.0 - https:\/\/yoast.com\/wordpress\/plugins\/seo\/ -->\n<title>Devenir Partenaire TC - Twenty Campus<\/title>\n<meta name=\"description\" content=\"Lisez les mentions l\u00e9gales Twenty Campus juste par envie ou parce que vous avez perdu un pari...\" \/>\n<meta name=\"robots\" content=\"index, follow, max-snippet:-1, max-image-preview:large, max-video-preview:-1\" \/>\n<link rel=\"canonical\" href=\"https:\/\/twenty-campus.itroom.fr\/fr\/devenir-partenaire\/\" \/>\n<meta property=\"og:locale\" content=\"fr_FR\" \/>\n<meta property=\"og:type\" content=\"article\" \/>\n<meta property=\"og:title\" content=\"Devenir Partenaire TC - Twenty Campus\" \/>\n<meta property=\"og:description\" content=\"Lisez les mentions l\u00e9gales Twenty Campus juste par envie ou parce que vous avez perdu un pari...\" \/>\n<meta property=\"og:url\" content=\"https:\/\/twenty-campus.itroom.fr\/fr\/devenir-partenaire\/\" \/>\n<meta property=\"og:site_name\" content=\"Twenty Campus\" \/>\n<meta property=\"article:modified_time\" content=\"2025-10-03T14:21:19+00:00\" \/>\n<meta property=\"og:image\" content=\"https:\/\/www.twenty-campus.com\/wp-content\/uploads\/2021\/04\/CATHERINE-CORRAUX.jpg\" \/>\n<meta name=\"twitter:card\" content=\"summary_large_image\" \/>\n<meta name=\"twitter:label1\" content=\"Dur\u00e9e de lecture estim\u00e9e\" \/>\n\t<meta name=\"twitter:data1\" content=\"2 minutes\" \/>\n<script type=\"application\/ld+json\" class=\"yoast-schema-graph\">{\"@context\":\"https:\/\/schema.org\",\"@graph\":[{\"@type\":\"WebPage\",\"@id\":\"https:\/\/twenty-campus.itroom.fr\/fr\/devenir-partenaire\/\",\"url\":\"https:\/\/twenty-campus.itroom.fr\/fr\/devenir-partenaire\/\",\"name\":\"Devenir Partenaire TC - Twenty Campus\",\"isPartOf\":{\"@id\":\"https:\/\/twenty-campus.itroom.fr\/fr\/#website\"},\"primaryImageOfPage\":{\"@id\":\"https:\/\/twenty-campus.itroom.fr\/fr\/devenir-partenaire\/#primaryimage\"},\"image\":{\"@id\":\"https:\/\/twenty-campus.itroom.fr\/fr\/devenir-partenaire\/#primaryimage\"},\"thumbnailUrl\":\"https:\/\/www.twenty-campus.com\/wp-content\/uploads\/2021\/04\/CATHERINE-CORRAUX.jpg\",\"datePublished\":\"2020-11-04T14:18:16+00:00\",\"dateModified\":\"2025-10-03T14:21:19+00:00\",\"description\":\"Lisez les mentions l\u00e9gales Twenty Campus juste par envie ou parce que vous avez perdu un pari...\",\"breadcrumb\":{\"@id\":\"https:\/\/twenty-campus.itroom.fr\/fr\/devenir-partenaire\/#breadcrumb\"},\"inLanguage\":\"fr-FR\",\"potentialAction\":[{\"@type\":\"ReadAction\",\"target\":[\"https:\/\/twenty-campus.itroom.fr\/fr\/devenir-partenaire\/\"]}]},{\"@type\":\"ImageObject\",\"inLanguage\":\"fr-FR\",\"@id\":\"https:\/\/twenty-campus.itroom.fr\/fr\/devenir-partenaire\/#primaryimage\",\"url\":\"https:\/\/www.twenty-campus.com\/wp-content\/uploads\/2021\/04\/CATHERINE-CORRAUX.jpg\",\"contentUrl\":\"https:\/\/www.twenty-campus.com\/wp-content\/uploads\/2021\/04\/CATHERINE-CORRAUX.jpg\"},{\"@type\":\"BreadcrumbList\",\"@id\":\"https:\/\/twenty-campus.itroom.fr\/fr\/devenir-partenaire\/#breadcrumb\",\"itemListElement\":[{\"@type\":\"ListItem\",\"position\":1,\"name\":\"Accueil\",\"item\":\"https:\/\/twenty-campus.itroom.fr\/fr\/\"},{\"@type\":\"ListItem\",\"position\":2,\"name\":\"Devenir Partenaire TC\"}]},{\"@type\":\"WebSite\",\"@id\":\"https:\/\/twenty-campus.itroom.fr\/fr\/#website\",\"url\":\"https:\/\/twenty-campus.itroom.fr\/fr\/\",\"name\":\"Twenty Campus\",\"description\":\"\",\"potentialAction\":[{\"@type\":\"SearchAction\",\"target\":{\"@type\":\"EntryPoint\",\"urlTemplate\":\"https:\/\/twenty-campus.itroom.fr\/fr\/?s={search_term_string}\"},\"query-input\":{\"@type\":\"PropertyValueSpecification\",\"valueRequired\":true,\"valueName\":\"search_term_string\"}}],\"inLanguage\":\"fr-FR\"}]}<\/script>\n<!-- \/ Yoast SEO plugin. -->","yoast_head_json":{"title":"Devenir Partenaire TC - Twenty Campus","description":"Lisez les mentions l\u00e9gales Twenty Campus juste par envie ou parce que vous avez perdu un pari...","robots":{"index":"index","follow":"follow","max-snippet":"max-snippet:-1","max-image-preview":"max-image-preview:large","max-video-preview":"max-video-preview:-1"},"canonical":"https:\/\/twenty-campus.itroom.fr\/fr\/devenir-partenaire\/","og_locale":"fr_FR","og_type":"article","og_title":"Devenir Partenaire TC - Twenty Campus","og_description":"Lisez les mentions l\u00e9gales Twenty Campus juste par envie ou parce que vous avez perdu un pari...","og_url":"https:\/\/twenty-campus.itroom.fr\/fr\/devenir-partenaire\/","og_site_name":"Twenty Campus","article_modified_time":"2025-10-03T14:21:19+00:00","og_image":[{"url":"https:\/\/www.twenty-campus.com\/wp-content\/uploads\/2021\/04\/CATHERINE-CORRAUX.jpg","type":"","width":"","height":""}],"twitter_card":"summary_large_image","twitter_misc":{"Dur\u00e9e de lecture estim\u00e9e":"2 minutes"},"schema":{"@context":"https:\/\/schema.org","@graph":[{"@type":"WebPage","@id":"https:\/\/twenty-campus.itroom.fr\/fr\/devenir-partenaire\/","url":"https:\/\/twenty-campus.itroom.fr\/fr\/devenir-partenaire\/","name":"Devenir Partenaire TC - Twenty Campus","isPartOf":{"@id":"https:\/\/twenty-campus.itroom.fr\/fr\/#website"},"primaryImageOfPage":{"@id":"https:\/\/twenty-campus.itroom.fr\/fr\/devenir-partenaire\/#primaryimage"},"image":{"@id":"https:\/\/twenty-campus.itroom.fr\/fr\/devenir-partenaire\/#primaryimage"},"thumbnailUrl":"https:\/\/www.twenty-campus.com\/wp-content\/uploads\/2021\/04\/CATHERINE-CORRAUX.jpg","datePublished":"2020-11-04T14:18:16+00:00","dateModified":"2025-10-03T14:21:19+00:00","description":"Lisez les mentions l\u00e9gales Twenty Campus juste par envie ou parce que vous avez perdu un pari...","breadcrumb":{"@id":"https:\/\/twenty-campus.itroom.fr\/fr\/devenir-partenaire\/#breadcrumb"},"inLanguage":"fr-FR","potentialAction":[{"@type":"ReadAction","target":["https:\/\/twenty-campus.itroom.fr\/fr\/devenir-partenaire\/"]}]},{"@type":"ImageObject","inLanguage":"fr-FR","@id":"https:\/\/twenty-campus.itroom.fr\/fr\/devenir-partenaire\/#primaryimage","url":"https:\/\/www.twenty-campus.com\/wp-content\/uploads\/2021\/04\/CATHERINE-CORRAUX.jpg","contentUrl":"https:\/\/www.twenty-campus.com\/wp-content\/uploads\/2021\/04\/CATHERINE-CORRAUX.jpg"},{"@type":"BreadcrumbList","@id":"https:\/\/twenty-campus.itroom.fr\/fr\/devenir-partenaire\/#breadcrumb","itemListElement":[{"@type":"ListItem","position":1,"name":"Accueil","item":"https:\/\/twenty-campus.itroom.fr\/fr\/"},{"@type":"ListItem","position":2,"name":"Devenir Partenaire TC"}]},{"@type":"WebSite","@id":"https:\/\/twenty-campus.itroom.fr\/fr\/#website","url":"https:\/\/twenty-campus.itroom.fr\/fr\/","name":"Twenty Campus","description":"","potentialAction":[{"@type":"SearchAction","target":{"@type":"EntryPoint","urlTemplate":"https:\/\/twenty-campus.itroom.fr\/fr\/?s={search_term_string}"},"query-input":{"@type":"PropertyValueSpecification","valueRequired":true,"valueName":"search_term_string"}}],"inLanguage":"fr-FR"}]}},"_links":{"self":[{"href":"https:\/\/twenty-campus.itroom.fr\/fr\/wp-json\/wp\/v2\/pages\/337","targetHints":{"allow":["GET"]}}],"collection":[{"href":"https:\/\/twenty-campus.itroom.fr\/fr\/wp-json\/wp\/v2\/pages"}],"about":[{"href":"https:\/\/twenty-campus.itroom.fr\/fr\/wp-json\/wp\/v2\/types\/page"}],"author":[{"embeddable":true,"href":"https:\/\/twenty-campus.itroom.fr\/fr\/wp-json\/wp\/v2\/users\/18"}],"replies":[{"embeddable":true,"href":"https:\/\/twenty-campus.itroom.fr\/fr\/wp-json\/wp\/v2\/comments?post=337"}],"version-history":[{"count":29,"href":"https:\/\/twenty-campus.itroom.fr\/fr\/wp-json\/wp\/v2\/pages\/337\/revisions"}],"predecessor-version":[{"id":3642922,"href":"https:\/\/twenty-campus.itroom.fr\/fr\/wp-json\/wp\/v2\/pages\/337\/revisions\/3642922"}],"wp:attachment":[{"href":"https:\/\/twenty-campus.itroom.fr\/fr\/wp-json\/wp\/v2\/media?parent=337"}],"curies":[{"name":"wp","href":"https:\/\/api.w.org\/{rel}","templated":true}]}}